{"id":979,"date":"2021-12-24T10:26:00","date_gmt":"2021-12-24T10:26:00","guid":{"rendered":"http:\/\/fastwpdemo.com\/newwp\/bluebell\/?page_id=979"},"modified":"2024-09-18T05:21:24","modified_gmt":"2024-09-18T05:21:24","slug":"promotions","status":"publish","type":"page","link":"https:\/\/termalesdelbosquecr.com\/index\/promotions\/","title":{"rendered":"Promociones"},"content":{"rendered":"\t\t<div data-elementor-type=\"wp-page\" data-elementor-id=\"979\" class=\"elementor elementor-979\">\n\t\t\t\t\t\t<section class=\"elementor-section elementor-top-section elementor-element elementor-element-b31a8cc elementor-section-full_width elementor-section-height-default elementor-section-height-default\" data-id=\"b31a8cc\" data-element_type=\"section\">\n\t\t\t\t\t\t<div class=\"elementor-container elementor-column-gap-default\">\n\t\t\t\t\t<div class=\"elementor-column elementor-col-100 elementor-top-column elementor-element elementor-element-3795971\" data-id=\"3795971\" data-element_type=\"column\">\n\t\t\t<div class=\"elementor-widget-wrap elementor-element-populated\">\n\t\t\t\t\t\t<div class=\"elementor-element elementor-element-163a872 elementor-widget elementor-widget-bluebell_our_discount_v2\" data-id=\"163a872\" data-element_type=\"widget\" data-widget_type=\"bluebell_our_discount_v2.default\">\n\t\t\t\t<div class=\"elementor-widget-container\">\n\t\t\t\t\t        \n        \n \t<!-- promotions offers section -->\n    <section class=\"promotions-offers-section light-bg mx-60 border-shape-top border-shape-bottom\">\n        <div class=\"auto-container\">\n            <div class=\"row\">\n                <div class=\"col-lg-8 pe-lg-4\">\n                    <div class=\"image-box mb_40\">\n                        <div class=\"image\"><img decoding=\"async\" src=\"https:\/\/termalesdelbosquecr.com\/index\/wp-content\/uploads\/2024\/09\/promocionindependencia.png\" alt=\"Awesome Image\"><\/div>                        \n\t\t\t\t\t\t                        <div class=\"text-box\">\n                            <h3>Promoci\u00f3n Mes Patrio<\/h3>                                                    <\/div>\n                                            <\/div>\n                    <div class=\"row\">\n                        <div class=\"col-md-6 offer-block\">\n                            <div class=\"inner-box\">\n                                <div class=\"image\"><img decoding=\"async\" src=\"https:\/\/termalesdelbosquecr.com\/index\/wp-content\/uploads\/2024\/09\/cocteles.png\" alt=\"Awesome Image\"><\/div>                                <div class=\"offer\">2<\/div>                                <div class=\"lower-content\">\n                                    <h4 class=\"wrapper\">C\u00f3cteles &amp; Snacks<\/h4>                                    <div class=\"text-three\">2 cocteles y 2 snacks en la zona de aguas termales.<br>\nSnacks: Ceviche o Arroz con pollo<\/div>                                <\/div>\n                            <\/div>\n                        <\/div>\n                        <div class=\"col-md-6 offer-block-two\">\n                            <div class=\"inner-box\">\n                                                                <div class=\"content\">\n                                    <h3>2 Noches\/ 3 d\u00edas<\/h3>                                                                        <div class=\"text-two\">Aguas Termales<br>\nDesayunos Incluidos<br><br>\n2 Cenas en Restaurant La Casona<br>\n\n<\/div>                                <\/div>\n                                                                <div class=\"image\"><img decoding=\"async\" src=\"https:\/\/termalesdelbosquecr.com\/index\/wp-content\/uploads\/2024\/09\/aguastermales.png\" alt=\"Awesome Image\"><\/div>                            <\/div>\n                        <\/div>\n                    <\/div>\n                <\/div>\n                <div class=\"col-lg-4\">\n                    <div class=\"offer-block-five\">\n                        <div class=\"sub-title\">Nuestros descuentos<\/div>                        <h2 class=\"sec-title small\">Tu Escape So\u00f1ado al Para\u00edso Termal<\/h2>                        <div class=\"text-three\">Descubre nuestras irresistibles promociones y haz realidad tus sue\u00f1os de relajaci\u00f3n y aventura en Termales del Bosque. Cada oferta est\u00e1 dise\u00f1ada para brindarte una experiencia inolvidable en nuestro oasis tropical. <\/div>                    <\/div>\n                <\/div>\n            <\/div>\n        <\/div>\n    <\/section>        \n        \n\t\t\t\t\t<\/div>\n\t\t\t\t<\/div>\n\t\t\t\t\t<\/div>\n\t\t<\/div>\n\t\t\t\t\t<\/div>\n\t\t<\/section>\n\t\t\t\t<\/div>\n\t\t","protected":false},"excerpt":{"rendered":"<p>Promoci\u00f3n Mes Patrio 2 C\u00f3cteles &amp; Snacks 2 cocteles y 2 snacks en la zona de aguas termales. Snacks: Ceviche o Arroz con pollo 2 Noches\/ 3 d\u00edas Aguas Termales Desayunos Incluidos 2 Cenas en Restaurant La Casona Nuestros descuentos Tu Escape So\u00f1ado al Para\u00edso Termal Descubre nuestras irresistibles promociones y haz realidad tus sue\u00f1os [&hellip;]<\/p>\n","protected":false},"author":1,"featured_media":0,"parent":0,"menu_order":0,"comment_status":"closed","ping_status":"closed","template":"tpl-default-elementor.php","meta":{"footnotes":""},"class_list":["post-979","page","type-page","status-publish","hentry"],"yoast_head":"<!-- This site is optimized with the Yoast SEO plugin v25.5 - https:\/\/yoast.com\/wordpress\/plugins\/seo\/ -->\n<title>Promociones - Hotel Termales del Bosque<\/title>\n<meta name=\"robots\" content=\"index, follow, max-snippet:-1, max-image-preview:large, max-video-preview:-1\" \/>\n<link rel=\"canonical\" href=\"https:\/\/termalesdelbosquecr.com\/index\/promotions\/\" \/>\n<meta property=\"og:locale\" content=\"es_ES\" \/>\n<meta property=\"og:type\" content=\"article\" \/>\n<meta property=\"og:title\" content=\"Promociones - Hotel Termales del Bosque\" \/>\n<meta property=\"og:description\" content=\"Promoci\u00f3n Mes Patrio 2 C\u00f3cteles &amp; Snacks 2 cocteles y 2 snacks en la zona de aguas termales. Snacks: Ceviche o Arroz con pollo 2 Noches\/ 3 d\u00edas Aguas Termales Desayunos Incluidos 2 Cenas en Restaurant La Casona Nuestros descuentos Tu Escape So\u00f1ado al Para\u00edso Termal Descubre nuestras irresistibles promociones y haz realidad tus sue\u00f1os [&hellip;]\" \/>\n<meta property=\"og:url\" content=\"https:\/\/termalesdelbosquecr.com\/index\/promotions\/\" \/>\n<meta property=\"og:site_name\" content=\"Hotel Termales del Bosque\" \/>\n<meta property=\"article:publisher\" content=\"https:\/\/www.facebook.com\/TermalesdelBosque\/?locale=es_LA\" \/>\n<meta property=\"article:modified_time\" content=\"2024-09-18T05:21:24+00:00\" \/>\n<meta property=\"og:image\" content=\"https:\/\/termalesdelbosquecr.com\/index\/wp-content\/uploads\/2024\/09\/promocionindependencia.png\" \/>\n<meta name=\"twitter:card\" content=\"summary_large_image\" \/>\n<script type=\"application\/ld+json\" class=\"yoast-schema-graph\">{\"@context\":\"https:\/\/schema.org\",\"@graph\":[{\"@type\":\"WebPage\",\"@id\":\"https:\/\/termalesdelbosquecr.com\/index\/promotions\/\",\"url\":\"https:\/\/termalesdelbosquecr.com\/index\/promotions\/\",\"name\":\"Promociones - Hotel Termales del Bosque\",\"isPartOf\":{\"@id\":\"https:\/\/termalesdelbosquecr.com\/index\/#website\"},\"primaryImageOfPage\":{\"@id\":\"https:\/\/termalesdelbosquecr.com\/index\/promotions\/#primaryimage\"},\"image\":{\"@id\":\"https:\/\/termalesdelbosquecr.com\/index\/promotions\/#primaryimage\"},\"thumbnailUrl\":\"https:\/\/termalesdelbosquecr.com\/index\/wp-content\/uploads\/2024\/09\/promocionindependencia.png\",\"datePublished\":\"2021-12-24T10:26:00+00:00\",\"dateModified\":\"2024-09-18T05:21:24+00:00\",\"breadcrumb\":{\"@id\":\"https:\/\/termalesdelbosquecr.com\/index\/promotions\/#breadcrumb\"},\"inLanguage\":\"es\",\"potentialAction\":[{\"@type\":\"ReadAction\",\"target\":[\"https:\/\/termalesdelbosquecr.com\/index\/promotions\/\"]}]},{\"@type\":\"ImageObject\",\"inLanguage\":\"es\",\"@id\":\"https:\/\/termalesdelbosquecr.com\/index\/promotions\/#primaryimage\",\"url\":\"https:\/\/termalesdelbosquecr.com\/index\/wp-content\/uploads\/2024\/09\/promocionindependencia.png\",\"contentUrl\":\"https:\/\/termalesdelbosquecr.com\/index\/wp-content\/uploads\/2024\/09\/promocionindependencia.png\",\"width\":520,\"height\":360},{\"@type\":\"BreadcrumbList\",\"@id\":\"https:\/\/termalesdelbosquecr.com\/index\/promotions\/#breadcrumb\",\"itemListElement\":[{\"@type\":\"ListItem\",\"position\":1,\"name\":\"Portada\",\"item\":\"https:\/\/termalesdelbosquecr.com\/index\/\"},{\"@type\":\"ListItem\",\"position\":2,\"name\":\"Promociones\"}]},{\"@type\":\"WebSite\",\"@id\":\"https:\/\/termalesdelbosquecr.com\/index\/#website\",\"url\":\"https:\/\/termalesdelbosquecr.com\/index\/\",\"name\":\"Hotel Termales del Bosque\",\"description\":\"Descubre el para\u00edso termal en Hotel Termales del Bosque. Piscinas naturales, habitaciones confortables y experiencias \u00fanicas. Reserva tu escape relajante hoy.\",\"publisher\":{\"@id\":\"https:\/\/termalesdelbosquecr.com\/index\/#organization\"},\"potentialAction\":[{\"@type\":\"SearchAction\",\"target\":{\"@type\":\"EntryPoint\",\"urlTemplate\":\"https:\/\/termalesdelbosquecr.com\/index\/?s={search_term_string}\"},\"query-input\":{\"@type\":\"PropertyValueSpecification\",\"valueRequired\":true,\"valueName\":\"search_term_string\"}}],\"inLanguage\":\"es\"},{\"@type\":\"Organization\",\"@id\":\"https:\/\/termalesdelbosquecr.com\/index\/#organization\",\"name\":\"Hotel Termales del Bosque\",\"url\":\"https:\/\/termalesdelbosquecr.com\/index\/\",\"logo\":{\"@type\":\"ImageObject\",\"inLanguage\":\"es\",\"@id\":\"https:\/\/termalesdelbosquecr.com\/index\/#\/schema\/logo\/image\/\",\"url\":\"https:\/\/termalesdelbosquecr.com\/index\/wp-content\/uploads\/2022\/01\/logo.png\",\"contentUrl\":\"https:\/\/termalesdelbosquecr.com\/index\/wp-content\/uploads\/2022\/01\/logo.png\",\"width\":480,\"height\":451,\"caption\":\"Hotel Termales del Bosque\"},\"image\":{\"@id\":\"https:\/\/termalesdelbosquecr.com\/index\/#\/schema\/logo\/image\/\"},\"sameAs\":[\"https:\/\/www.facebook.com\/TermalesdelBosque\/?locale=es_LA\",\"https:\/\/www.instagram.com\/termalesdelbosque\/?hl=es-la\"]}]}<\/script>\n<!-- \/ Yoast SEO plugin. -->","yoast_head_json":{"title":"Promociones - Hotel Termales del Bosque","robots":{"index":"index","follow":"follow","max-snippet":"max-snippet:-1","max-image-preview":"max-image-preview:large","max-video-preview":"max-video-preview:-1"},"canonical":"https:\/\/termalesdelbosquecr.com\/index\/promotions\/","og_locale":"es_ES","og_type":"article","og_title":"Promociones - Hotel Termales del Bosque","og_description":"Promoci\u00f3n Mes Patrio 2 C\u00f3cteles &amp; Snacks 2 cocteles y 2 snacks en la zona de aguas termales. Snacks: Ceviche o Arroz con pollo 2 Noches\/ 3 d\u00edas Aguas Termales Desayunos Incluidos 2 Cenas en Restaurant La Casona Nuestros descuentos Tu Escape So\u00f1ado al Para\u00edso Termal Descubre nuestras irresistibles promociones y haz realidad tus sue\u00f1os [&hellip;]","og_url":"https:\/\/termalesdelbosquecr.com\/index\/promotions\/","og_site_name":"Hotel Termales del Bosque","article_publisher":"https:\/\/www.facebook.com\/TermalesdelBosque\/?locale=es_LA","article_modified_time":"2024-09-18T05:21:24+00:00","og_image":[{"url":"https:\/\/termalesdelbosquecr.com\/index\/wp-content\/uploads\/2024\/09\/promocionindependencia.png","type":"","width":"","height":""}],"twitter_card":"summary_large_image","schema":{"@context":"https:\/\/schema.org","@graph":[{"@type":"WebPage","@id":"https:\/\/termalesdelbosquecr.com\/index\/promotions\/","url":"https:\/\/termalesdelbosquecr.com\/index\/promotions\/","name":"Promociones - Hotel Termales del Bosque","isPartOf":{"@id":"https:\/\/termalesdelbosquecr.com\/index\/#website"},"primaryImageOfPage":{"@id":"https:\/\/termalesdelbosquecr.com\/index\/promotions\/#primaryimage"},"image":{"@id":"https:\/\/termalesdelbosquecr.com\/index\/promotions\/#primaryimage"},"thumbnailUrl":"https:\/\/termalesdelbosquecr.com\/index\/wp-content\/uploads\/2024\/09\/promocionindependencia.png","datePublished":"2021-12-24T10:26:00+00:00","dateModified":"2024-09-18T05:21:24+00:00","breadcrumb":{"@id":"https:\/\/termalesdelbosquecr.com\/index\/promotions\/#breadcrumb"},"inLanguage":"es","potentialAction":[{"@type":"ReadAction","target":["https:\/\/termalesdelbosquecr.com\/index\/promotions\/"]}]},{"@type":"ImageObject","inLanguage":"es","@id":"https:\/\/termalesdelbosquecr.com\/index\/promotions\/#primaryimage","url":"https:\/\/termalesdelbosquecr.com\/index\/wp-content\/uploads\/2024\/09\/promocionindependencia.png","contentUrl":"https:\/\/termalesdelbosquecr.com\/index\/wp-content\/uploads\/2024\/09\/promocionindependencia.png","width":520,"height":360},{"@type":"BreadcrumbList","@id":"https:\/\/termalesdelbosquecr.com\/index\/promotions\/#breadcrumb","itemListElement":[{"@type":"ListItem","position":1,"name":"Portada","item":"https:\/\/termalesdelbosquecr.com\/index\/"},{"@type":"ListItem","position":2,"name":"Promociones"}]},{"@type":"WebSite","@id":"https:\/\/termalesdelbosquecr.com\/index\/#website","url":"https:\/\/termalesdelbosquecr.com\/index\/","name":"Hotel Termales del Bosque","description":"Descubre el para\u00edso termal en Hotel Termales del Bosque. Piscinas naturales, habitaciones confortables y experiencias \u00fanicas. Reserva tu escape relajante hoy.","publisher":{"@id":"https:\/\/termalesdelbosquecr.com\/index\/#organization"},"potentialAction":[{"@type":"SearchAction","target":{"@type":"EntryPoint","urlTemplate":"https:\/\/termalesdelbosquecr.com\/index\/?s={search_term_string}"},"query-input":{"@type":"PropertyValueSpecification","valueRequired":true,"valueName":"search_term_string"}}],"inLanguage":"es"},{"@type":"Organization","@id":"https:\/\/termalesdelbosquecr.com\/index\/#organization","name":"Hotel Termales del Bosque","url":"https:\/\/termalesdelbosquecr.com\/index\/","logo":{"@type":"ImageObject","inLanguage":"es","@id":"https:\/\/termalesdelbosquecr.com\/index\/#\/schema\/logo\/image\/","url":"https:\/\/termalesdelbosquecr.com\/index\/wp-content\/uploads\/2022\/01\/logo.png","contentUrl":"https:\/\/termalesdelbosquecr.com\/index\/wp-content\/uploads\/2022\/01\/logo.png","width":480,"height":451,"caption":"Hotel Termales del Bosque"},"image":{"@id":"https:\/\/termalesdelbosquecr.com\/index\/#\/schema\/logo\/image\/"},"sameAs":["https:\/\/www.facebook.com\/TermalesdelBosque\/?locale=es_LA","https:\/\/www.instagram.com\/termalesdelbosque\/?hl=es-la"]}]}},"_links":{"self":[{"href":"https:\/\/termalesdelbosquecr.com\/index\/wp-json\/wp\/v2\/pages\/979","targetHints":{"allow":["GET"]}}],"collection":[{"href":"https:\/\/termalesdelbosquecr.com\/index\/wp-json\/wp\/v2\/pages"}],"about":[{"href":"https:\/\/termalesdelbosquecr.com\/index\/wp-json\/wp\/v2\/types\/page"}],"author":[{"embeddable":true,"href":"https:\/\/termalesdelbosquecr.com\/index\/wp-json\/wp\/v2\/users\/1"}],"replies":[{"embeddable":true,"href":"https:\/\/termalesdelbosquecr.com\/index\/wp-json\/wp\/v2\/comments?post=979"}],"version-history":[{"count":0,"href":"https:\/\/termalesdelbosquecr.com\/index\/wp-json\/wp\/v2\/pages\/979\/revisions"}],"wp:attachment":[{"href":"https:\/\/termalesdelbosquecr.com\/index\/wp-json\/wp\/v2\/media?parent=979"}],"curies":[{"name":"wp","href":"https:\/\/api.w.org\/{rel}","templated":true}]}}