{"id":1062,"date":"2021-12-27T17:24:39","date_gmt":"2021-12-27T17:24:39","guid":{"rendered":"http:\/\/fastwpdemo.com\/newwp\/bluebell\/?page_id=1062"},"modified":"2024-09-18T05:52:54","modified_gmt":"2024-09-18T05:52:54","slug":"contact-us","status":"publish","type":"page","link":"https:\/\/termalesdelbosquecr.com\/index\/contact-us\/","title":{"rendered":"Cont\u00e1ctanos"},"content":{"rendered":"\t\t<div data-elementor-type=\"wp-page\" data-elementor-id=\"1062\" class=\"elementor elementor-1062\">\n\t\t\t\t\t\t<section class=\"elementor-section elementor-top-section elementor-element elementor-element-d7dcc9d elementor-section-full_width elementor-section-height-default elementor-section-height-default\" data-id=\"d7dcc9d\" data-element_type=\"section\">\n\t\t\t\t\t\t<div class=\"elementor-container elementor-column-gap-default\">\n\t\t\t\t\t<div class=\"elementor-column elementor-col-100 elementor-top-column elementor-element elementor-element-88cd717\" data-id=\"88cd717\" data-element_type=\"column\">\n\t\t\t<div class=\"elementor-widget-wrap elementor-element-populated\">\n\t\t\t\t\t\t<div class=\"elementor-element elementor-element-44f7d43 elementor-widget elementor-widget-bluebell_contact_us\" data-id=\"44f7d43\" data-element_type=\"widget\" data-widget_type=\"bluebell_contact_us.default\">\n\t\t\t\t<div class=\"elementor-widget-container\">\n\t\t\t\t\t        \n        \n \t<!-- Contact Form section -->\n    <section class=\"contact-form-section light-bg mx-60 border-shape-top border-shape-bottom\">\n        <div class=\"auto-container\">        \n            <div class=\"sec-title\">\n                <div class=\"sub-title\">Mant\u00e9nte en contacto<\/div>                <h2>D\u00e9janos tu mensaje<\/h2>                <div class=\"text\">En Termales del Bosque, valoramos su opini\u00f3n y estamos comprometidos con brindarle la mejor experiencia posible. <br>Ya sea que tenga una consulta, desee hacer una reservaci\u00f3n especial o quiera compartir sus sugerencias,<br> nuestro equipo est\u00e1 listo para atenderle. <\/div>            <\/div>\n            <div class=\"row\">\n                                <div class=\"col-lg-8\">\n                    <!--Contact Form-->\n                  \t<div class=\"contact-form style-two\">\n                       \n<div class=\"wpcf7 no-js\" id=\"wpcf7-f1065-o1\" lang=\"en-US\" dir=\"ltr\" data-wpcf7-id=\"1065\">\n<div class=\"screen-reader-response\"><p role=\"status\" aria-live=\"polite\" aria-atomic=\"true\"><\/p> <ul><\/ul><\/div>\n<form action=\"\/index\/wp-json\/wp\/v2\/pages\/1062#wpcf7-f1065-o1\" method=\"post\" class=\"wpcf7-form init\" aria-label=\"Contact form\" novalidate=\"novalidate\" data-status=\"init\">\n<fieldset class=\"hidden-fields-container\"><input type=\"hidden\" name=\"_wpcf7\" value=\"1065\" \/><input type=\"hidden\" name=\"_wpcf7_version\" value=\"6.1\" \/><input type=\"hidden\" name=\"_wpcf7_locale\" value=\"en_US\" \/><input type=\"hidden\" name=\"_wpcf7_unit_tag\" value=\"wpcf7-f1065-o1\" \/><input type=\"hidden\" name=\"_wpcf7_container_post\" value=\"0\" \/><input type=\"hidden\" name=\"_wpcf7_posted_data_hash\" value=\"\" \/><input type=\"hidden\" name=\"_wpcf7_recaptcha_response\" value=\"\" \/>\n<\/fieldset>\n<div class=\"row\">\n\t<div class=\"form-group col-md-6\">\n\t\t<p><span class=\"wpcf7-form-control-wrap\" data-name=\"text-774\"><input size=\"40\" maxlength=\"400\" class=\"wpcf7-form-control wpcf7-text wpcf7-validates-as-required\" aria-required=\"true\" aria-invalid=\"false\" placeholder=\"Su Nombre\" value=\"\" type=\"text\" name=\"text-774\" \/><\/span>\n\t\t<\/p>\n\t<\/div>\n\t<div class=\"form-group col-md-6\">\n\t\t<p><span class=\"wpcf7-form-control-wrap\" data-name=\"email-161\"><input size=\"40\" maxlength=\"400\" class=\"wpcf7-form-control wpcf7-email wpcf7-validates-as-required wpcf7-text wpcf7-validates-as-email\" aria-required=\"true\" aria-invalid=\"false\" value=\"Su Email\" type=\"email\" name=\"email-161\" \/><\/span>\n\t\t<\/p>\n\t<\/div>\n\t<div class=\"form-group col-md-6\">\n\t\t<p><span class=\"wpcf7-form-control-wrap\" data-name=\"text-775\"><input size=\"40\" maxlength=\"400\" class=\"wpcf7-form-control wpcf7-text\" aria-invalid=\"false\" placeholder=\"Su Tel\u00e9fono\" value=\"\" type=\"text\" name=\"text-775\" \/><\/span>\n\t\t<\/p>\n\t<\/div>\n\t<div class=\"form-group col-md-6\">\n\t\t<p><span class=\"wpcf7-form-control-wrap\" data-name=\"text-776\"><input size=\"40\" maxlength=\"400\" class=\"wpcf7-form-control wpcf7-text\" aria-invalid=\"false\" placeholder=\"T\u00edtulo\" value=\"\" type=\"text\" name=\"text-776\" \/><\/span>\n\t\t<\/p>\n\t<\/div>\n\t<div class=\"form-group col-md-12\">\n\t\t<p><span class=\"wpcf7-form-control-wrap\" data-name=\"textarea-340\"><textarea cols=\"40\" rows=\"10\" maxlength=\"2000\" class=\"wpcf7-form-control wpcf7-textarea wpcf7-validates-as-required\" aria-required=\"true\" aria-invalid=\"false\" name=\"textarea-340\">Escribir un mensaje<\/textarea><\/span>\n\t\t<\/p>\n\t<\/div>\n\t<div class=\"form-group col-md-12\">\n\t\t<p><input id=\"form_botcheck\" name=\"form_botcheck\" class=\"form-control\" type=\"hidden\" value=\"\" \/><br \/>\n<button class=\"theme-btn btn-style-one\" type=\"submit\" data-loading-text=\"Por favor espere...\"><span>Enviar Mensaje<\/span><\/button>\n\t\t<\/p>\n\t<\/div>\n<\/div><div class=\"wpcf7-response-output\" aria-hidden=\"true\"><\/div>\n<\/form>\n<\/div>\n                    <\/div>\n                <\/div>\n                                \n                                <div class=\"col-lg-4 icon_box\">\n                    <div class=\"inner-box\">\n                                                <h4>Hotel Termales del Bosque Resort &amp; Hot Springs<\/h4>\n                        <div class=\"border-shap\"><\/div>\n                                                \n                        <div class=\"text-two\">Alajuela, San Carlos<\/div>                        <div class=\"text-three\"><a href=\"http:\/\/recepcion@termalesdelbosquecr.com\">recepcion@termalesdelbosquecr.com<\/a><\/div>                    <\/div>\n                    <div class=\"icon-box\">\n                        <h4>Tel\u00e9fono Recepci\u00f3n<\/h4>                        <div class=\"icon\"><h5><i class=\"fas fa-phone\"><\/i><a href=\"tel:+506 2460 4740\">+506 2460 4740<\/a><\/h5><\/div>                        <div class=\"text-four\">Check in: 2:00 PM <br>Check out: 12:00 MD<br> Horario Aguas Termales: <br>9:00 AM - 9:30 PM<\/div>                    <\/div>\n                <\/div>\n                            <\/div>\n        <\/div>\n    <\/section>        \n        \n\t\t\t\t\t\t<\/div>\n\t\t\t\t<\/div>\n\t\t\t\t\t<\/div>\n\t\t<\/div>\n\t\t\t\t\t<\/div>\n\t\t<\/section>\n\t\t\t\t<section class=\"elementor-section elementor-top-section elementor-element elementor-element-8e80e5c elementor-section-full_width elementor-section-height-default elementor-section-height-default\" data-id=\"8e80e5c\" data-element_type=\"section\">\n\t\t\t\t\t\t<div class=\"elementor-container elementor-column-gap-default\">\n\t\t\t\t\t<div class=\"elementor-column elementor-col-100 elementor-top-column elementor-element elementor-element-47e1e54\" data-id=\"47e1e54\" data-element_type=\"column\">\n\t\t\t<div class=\"elementor-widget-wrap elementor-element-populated\">\n\t\t\t\t\t\t<div class=\"elementor-element elementor-element-8be2668 elementor-widget elementor-widget-bluebell_map_v3\" data-id=\"8be2668\" data-element_type=\"widget\" data-widget_type=\"bluebell_map_v3.default\">\n\t\t\t\t<div class=\"elementor-widget-container\">\n\t\t\t\t\t            \n    <!-- Map Section -->\n    <section class=\"map-section-two mx-60\">\n        <div class=\"auto-container\">\n            <div class=\"contact-map\">\n                <iframe src=\"https:\/\/www.google.com\/maps\/embed?pb=!1m18!1m12!1m3!1d3837.86637418719!2d-84.39254162511035!3d10.362488066692768!2m3!1f0!2f0!3f0!3m2!1i1024!2i768!4f13.1!3m3!1m2!1s0x8fa00c88ff815099%3A0x7ef415a896a779e6!2sTermales%20del%20Bosque!5e1!3m2!1sen!2scr!4v1726638714211!5m2!1sen!2scr\"  height=\"500\"  style=\"width: 100%\"><\/iframe>            <\/div>\n        <\/div>\n    <\/section>\n        \n\t\t\t\t\t<\/div>\n\t\t\t\t<\/div>\n\t\t\t\t\t<\/div>\n\t\t<\/div>\n\t\t\t\t\t<\/div>\n\t\t<\/section>\n\t\t\t\t<\/div>\n\t\t","protected":false},"excerpt":{"rendered":"<p>Mant\u00e9nte en contacto D\u00e9janos tu mensaje En Termales del Bosque, valoramos su opini\u00f3n y estamos comprometidos con brindarle la mejor experiencia posible. Ya sea que tenga una consulta, desee hacer una reservaci\u00f3n especial o quiera compartir sus sugerencias, nuestro equipo est\u00e1 listo para atenderle. Write a massage Send a Message Hotel Termales del Bosque Resort [&hellip;]<\/p>\n","protected":false},"author":1,"featured_media":0,"parent":0,"menu_order":0,"comment_status":"closed","ping_status":"closed","template":"tpl-default-elementor.php","meta":{"footnotes":""},"class_list":["post-1062","page","type-page","status-publish","hentry"],"yoast_head":"<!-- This site is optimized with the Yoast SEO plugin v25.5 - https:\/\/yoast.com\/wordpress\/plugins\/seo\/ -->\n<title>Cont\u00e1ctanos - Hotel Termales del Bosque<\/title>\n<meta name=\"robots\" content=\"index, follow, max-snippet:-1, max-image-preview:large, max-video-preview:-1\" \/>\n<link rel=\"canonical\" href=\"https:\/\/termalesdelbosquecr.com\/index\/contact-us\/\" \/>\n<meta property=\"og:locale\" content=\"es_ES\" \/>\n<meta property=\"og:type\" content=\"article\" \/>\n<meta property=\"og:title\" content=\"Cont\u00e1ctanos - Hotel Termales del Bosque\" \/>\n<meta property=\"og:description\" content=\"Mant\u00e9nte en contacto D\u00e9janos tu mensaje En Termales del Bosque, valoramos su opini\u00f3n y estamos comprometidos con brindarle la mejor experiencia posible. Ya sea que tenga una consulta, desee hacer una reservaci\u00f3n especial o quiera compartir sus sugerencias, nuestro equipo est\u00e1 listo para atenderle. Write a massage Send a Message Hotel Termales del Bosque Resort [&hellip;]\" \/>\n<meta property=\"og:url\" content=\"https:\/\/termalesdelbosquecr.com\/index\/contact-us\/\" \/>\n<meta property=\"og:site_name\" content=\"Hotel Termales del Bosque\" \/>\n<meta property=\"article:publisher\" content=\"https:\/\/www.facebook.com\/TermalesdelBosque\/?locale=es_LA\" \/>\n<meta property=\"article:modified_time\" content=\"2024-09-18T05:52:54+00:00\" \/>\n<meta name=\"twitter:card\" content=\"summary_large_image\" \/>\n<script type=\"application\/ld+json\" class=\"yoast-schema-graph\">{\"@context\":\"https:\/\/schema.org\",\"@graph\":[{\"@type\":\"WebPage\",\"@id\":\"https:\/\/termalesdelbosquecr.com\/index\/contact-us\/\",\"url\":\"https:\/\/termalesdelbosquecr.com\/index\/contact-us\/\",\"name\":\"Cont\u00e1ctanos - Hotel Termales del Bosque\",\"isPartOf\":{\"@id\":\"https:\/\/termalesdelbosquecr.com\/index\/#website\"},\"datePublished\":\"2021-12-27T17:24:39+00:00\",\"dateModified\":\"2024-09-18T05:52:54+00:00\",\"breadcrumb\":{\"@id\":\"https:\/\/termalesdelbosquecr.com\/index\/contact-us\/#breadcrumb\"},\"inLanguage\":\"es\",\"potentialAction\":[{\"@type\":\"ReadAction\",\"target\":[\"https:\/\/termalesdelbosquecr.com\/index\/contact-us\/\"]}]},{\"@type\":\"BreadcrumbList\",\"@id\":\"https:\/\/termalesdelbosquecr.com\/index\/contact-us\/#breadcrumb\",\"itemListElement\":[{\"@type\":\"ListItem\",\"position\":1,\"name\":\"Portada\",\"item\":\"https:\/\/termalesdelbosquecr.com\/index\/\"},{\"@type\":\"ListItem\",\"position\":2,\"name\":\"Cont\u00e1ctanos\"}]},{\"@type\":\"WebSite\",\"@id\":\"https:\/\/termalesdelbosquecr.com\/index\/#website\",\"url\":\"https:\/\/termalesdelbosquecr.com\/index\/\",\"name\":\"Hotel Termales del Bosque\",\"description\":\"Descubre el para\u00edso termal en Hotel Termales del Bosque. Piscinas naturales, habitaciones confortables y experiencias \u00fanicas. Reserva tu escape relajante hoy.\",\"publisher\":{\"@id\":\"https:\/\/termalesdelbosquecr.com\/index\/#organization\"},\"potentialAction\":[{\"@type\":\"SearchAction\",\"target\":{\"@type\":\"EntryPoint\",\"urlTemplate\":\"https:\/\/termalesdelbosquecr.com\/index\/?s={search_term_string}\"},\"query-input\":{\"@type\":\"PropertyValueSpecification\",\"valueRequired\":true,\"valueName\":\"search_term_string\"}}],\"inLanguage\":\"es\"},{\"@type\":\"Organization\",\"@id\":\"https:\/\/termalesdelbosquecr.com\/index\/#organization\",\"name\":\"Hotel Termales del Bosque\",\"url\":\"https:\/\/termalesdelbosquecr.com\/index\/\",\"logo\":{\"@type\":\"ImageObject\",\"inLanguage\":\"es\",\"@id\":\"https:\/\/termalesdelbosquecr.com\/index\/#\/schema\/logo\/image\/\",\"url\":\"https:\/\/termalesdelbosquecr.com\/index\/wp-content\/uploads\/2022\/01\/logo.png\",\"contentUrl\":\"https:\/\/termalesdelbosquecr.com\/index\/wp-content\/uploads\/2022\/01\/logo.png\",\"width\":480,\"height\":451,\"caption\":\"Hotel Termales del Bosque\"},\"image\":{\"@id\":\"https:\/\/termalesdelbosquecr.com\/index\/#\/schema\/logo\/image\/\"},\"sameAs\":[\"https:\/\/www.facebook.com\/TermalesdelBosque\/?locale=es_LA\",\"https:\/\/www.instagram.com\/termalesdelbosque\/?hl=es-la\"]}]}<\/script>\n<!-- \/ Yoast SEO plugin. -->","yoast_head_json":{"title":"Cont\u00e1ctanos - Hotel Termales del Bosque","robots":{"index":"index","follow":"follow","max-snippet":"max-snippet:-1","max-image-preview":"max-image-preview:large","max-video-preview":"max-video-preview:-1"},"canonical":"https:\/\/termalesdelbosquecr.com\/index\/contact-us\/","og_locale":"es_ES","og_type":"article","og_title":"Cont\u00e1ctanos - Hotel Termales del Bosque","og_description":"Mant\u00e9nte en contacto D\u00e9janos tu mensaje En Termales del Bosque, valoramos su opini\u00f3n y estamos comprometidos con brindarle la mejor experiencia posible. Ya sea que tenga una consulta, desee hacer una reservaci\u00f3n especial o quiera compartir sus sugerencias, nuestro equipo est\u00e1 listo para atenderle. Write a massage Send a Message Hotel Termales del Bosque Resort [&hellip;]","og_url":"https:\/\/termalesdelbosquecr.com\/index\/contact-us\/","og_site_name":"Hotel Termales del Bosque","article_publisher":"https:\/\/www.facebook.com\/TermalesdelBosque\/?locale=es_LA","article_modified_time":"2024-09-18T05:52:54+00:00","twitter_card":"summary_large_image","schema":{"@context":"https:\/\/schema.org","@graph":[{"@type":"WebPage","@id":"https:\/\/termalesdelbosquecr.com\/index\/contact-us\/","url":"https:\/\/termalesdelbosquecr.com\/index\/contact-us\/","name":"Cont\u00e1ctanos - Hotel Termales del Bosque","isPartOf":{"@id":"https:\/\/termalesdelbosquecr.com\/index\/#website"},"datePublished":"2021-12-27T17:24:39+00:00","dateModified":"2024-09-18T05:52:54+00:00","breadcrumb":{"@id":"https:\/\/termalesdelbosquecr.com\/index\/contact-us\/#breadcrumb"},"inLanguage":"es","potentialAction":[{"@type":"ReadAction","target":["https:\/\/termalesdelbosquecr.com\/index\/contact-us\/"]}]},{"@type":"BreadcrumbList","@id":"https:\/\/termalesdelbosquecr.com\/index\/contact-us\/#breadcrumb","itemListElement":[{"@type":"ListItem","position":1,"name":"Portada","item":"https:\/\/termalesdelbosquecr.com\/index\/"},{"@type":"ListItem","position":2,"name":"Cont\u00e1ctanos"}]},{"@type":"WebSite","@id":"https:\/\/termalesdelbosquecr.com\/index\/#website","url":"https:\/\/termalesdelbosquecr.com\/index\/","name":"Hotel Termales del Bosque","description":"Descubre el para\u00edso termal en Hotel Termales del Bosque. Piscinas naturales, habitaciones confortables y experiencias \u00fanicas. Reserva tu escape relajante hoy.","publisher":{"@id":"https:\/\/termalesdelbosquecr.com\/index\/#organization"},"potentialAction":[{"@type":"SearchAction","target":{"@type":"EntryPoint","urlTemplate":"https:\/\/termalesdelbosquecr.com\/index\/?s={search_term_string}"},"query-input":{"@type":"PropertyValueSpecification","valueRequired":true,"valueName":"search_term_string"}}],"inLanguage":"es"},{"@type":"Organization","@id":"https:\/\/termalesdelbosquecr.com\/index\/#organization","name":"Hotel Termales del Bosque","url":"https:\/\/termalesdelbosquecr.com\/index\/","logo":{"@type":"ImageObject","inLanguage":"es","@id":"https:\/\/termalesdelbosquecr.com\/index\/#\/schema\/logo\/image\/","url":"https:\/\/termalesdelbosquecr.com\/index\/wp-content\/uploads\/2022\/01\/logo.png","contentUrl":"https:\/\/termalesdelbosquecr.com\/index\/wp-content\/uploads\/2022\/01\/logo.png","width":480,"height":451,"caption":"Hotel Termales del Bosque"},"image":{"@id":"https:\/\/termalesdelbosquecr.com\/index\/#\/schema\/logo\/image\/"},"sameAs":["https:\/\/www.facebook.com\/TermalesdelBosque\/?locale=es_LA","https:\/\/www.instagram.com\/termalesdelbosque\/?hl=es-la"]}]}},"_links":{"self":[{"href":"https:\/\/termalesdelbosquecr.com\/index\/wp-json\/wp\/v2\/pages\/1062","targetHints":{"allow":["GET"]}}],"collection":[{"href":"https:\/\/termalesdelbosquecr.com\/index\/wp-json\/wp\/v2\/pages"}],"about":[{"href":"https:\/\/termalesdelbosquecr.com\/index\/wp-json\/wp\/v2\/types\/page"}],"author":[{"embeddable":true,"href":"https:\/\/termalesdelbosquecr.com\/index\/wp-json\/wp\/v2\/users\/1"}],"replies":[{"embeddable":true,"href":"https:\/\/termalesdelbosquecr.com\/index\/wp-json\/wp\/v2\/comments?post=1062"}],"version-history":[{"count":0,"href":"https:\/\/termalesdelbosquecr.com\/index\/wp-json\/wp\/v2\/pages\/1062\/revisions"}],"wp:attachment":[{"href":"https:\/\/termalesdelbosquecr.com\/index\/wp-json\/wp\/v2\/media?parent=1062"}],"curies":[{"name":"wp","href":"https:\/\/api.w.org\/{rel}","templated":true}]}}